{"id":4896,"date":"2025-08-15T08:51:53","date_gmt":"2025-08-15T06:51:53","guid":{"rendered":"https:\/\/romkert.eu\/?page_id=4896"},"modified":"2025-08-15T08:52:09","modified_gmt":"2025-08-15T06:52:09","slug":"tulum-vip-0820-1900-2300","status":"publish","type":"page","link":"https:\/\/romkert.eu\/en\/tulum-vip-0820-1900-2300\/","title":{"rendered":"TULUM VIP 0820 19:00-23:00"},"content":{"rendered":"<div data-elementor-type=\"wp-page\" data-elementor-id=\"4896\" class=\"elementor elementor-4896\" data-elementor-post-type=\"page\">\n\t\t\t\t<div class=\"elementor-element elementor-element-5f88e0d e-con-full e-flex e-con e-parent\" data-id=\"5f88e0d\" data-element_type=\"container\" data-e-type=\"container\" data-settings=\"{&quot;background_background&quot;:&quot;classic&quot;}\">\n\t\t\t\t<div class=\"elementor-element elementor-element-c0c6cb2 elementor-widget elementor-widget-heading\" data-id=\"c0c6cb2\" data-element_type=\"widget\" data-e-type=\"widget\" data-widget_type=\"heading.default\">\n\t\t\t\t<div class=\"elementor-widget-container\">\n\t\t\t\t\t<h2 class=\"elementor-heading-title elementor-size-default\">VIP TABLES<\/h2>\t\t\t\t<\/div>\n\t\t\t\t<\/div>\n\t\t\t\t<div class=\"elementor-element elementor-element-e1eec2f elementor-widget elementor-widget-heading\" data-id=\"e1eec2f\" data-element_type=\"widget\" data-e-type=\"widget\" data-widget_type=\"heading.default\">\n\t\t\t\t<div class=\"elementor-widget-container\">\n\t\t\t\t\t<h2 class=\"elementor-heading-title elementor-size-default\">TULUM VIP 0820 19:00-23:00<\/h2>\t\t\t\t<\/div>\n\t\t\t\t<\/div>\n\t\t\t\t<div class=\"elementor-element elementor-element-a85a331 elementor-widget elementor-widget-Single Calendar\" data-id=\"a85a331\" data-element_type=\"widget\" data-e-type=\"widget\" data-widget_type=\"Single Calendar.default\">\n\t\t\t\t<div class=\"elementor-widget-container\">\n\t\t\t\t\t<p>Calendar does not exist.<\/p>\t\t\t\t<\/div>\n\t\t\t\t<\/div>\n\t\t\t\t<\/div>\n\t\t\t\t<\/div>","protected":false},"excerpt":{"rendered":"<p>Asztalfoglal\u00e1s M\u00e1jus 2025J\u00fanius 2025J\u00falius 2025Augusztus 2025Szeptember 2025Okt\u00f3ber 2025November 2025December 2025Janu\u00e1r 2026Febru\u00e1r 2026M\u00e1rcius 2026\u00c1prilis 2026M\u00e1jus 2026J\u00fanius 2026J\u00falius 2026Augusztus 2026 H K [&hellip;]<\/p>","protected":false},"author":1,"featured_media":0,"parent":0,"menu_order":0,"comment_status":"closed","ping_status":"closed","template":"","meta":{"_acf_changed":false,"site-sidebar-layout":"no-sidebar","site-content-layout":"","ast-site-content-layout":"full-width-container","site-content-style":"default","site-sidebar-style":"default","ast-global-header-display":"","ast-banner-title-visibility":"","ast-main-header-display":"","ast-hfb-above-header-display":"","ast-hfb-below-header-display":"","ast-hfb-mobile-header-display":"","site-post-title":"disabled","ast-breadcrumbs-content":"","ast-featured-img":"disabled","footer-sml-layout":"","theme-transparent-header-meta":"","adv-header-id-meta":"","stick-header-meta":"","header-above-stick-meta":"","header-main-stick-meta":"","header-below-stick-meta":"","astra-migrate-meta-layouts":"default","ast-page-background-enabled":"default","ast-page-background-meta":{"desktop":{"background-color":"var(--ast-global-color-4)","background-image":"","background-repeat":"repeat","background-position":"center center","background-size":"auto","background-attachment":"scroll","background-type":"","background-media":"","overlay-type":"","overlay-color":"","overlay-gradient":""},"tablet":{"background-color":"","background-image":"","background-repeat":"repeat","background-position":"center center","background-size":"auto","background-attachment":"scroll","background-type":"","background-media":"","overlay-type":"","overlay-color":"","overlay-gradient":""},"mobile":{"background-color":"","background-image":"","background-repeat":"repeat","background-position":"center center","background-size":"auto","background-attachment":"scroll","background-type":"","background-media":"","overlay-type":"","overlay-color":"","overlay-gradient":""}},"ast-content-background-meta":{"desktop":{"background-color":"var(--ast-global-color-5)","background-image":"","background-repeat":"repeat","background-position":"center center","background-size":"auto","background-attachment":"scroll","background-type":"","background-media":"","overlay-type":"","overlay-color":"","overlay-gradient":""},"tablet":{"background-color":"var(--ast-global-color-5)","background-image":"","background-repeat":"repeat","background-position":"center center","background-size":"auto","background-attachment":"scroll","background-type":"","background-media":"","overlay-type":"","overlay-color":"","overlay-gradient":""},"mobile":{"background-color":"var(--ast-global-color-5)","background-image":"","background-repeat":"repeat","background-position":"center center","background-size":"auto","background-attachment":"scroll","background-type":"","background-media":"","overlay-type":"","overlay-color":"","overlay-gradient":""}},"footnotes":""},"class_list":["post-4896","page","type-page","status-publish","hentry"],"acf":[],"_links":{"self":[{"href":"https:\/\/romkert.eu\/en\/wp-json\/wp\/v2\/pages\/4896","targetHints":{"allow":["GET"]}}],"collection":[{"href":"https:\/\/romkert.eu\/en\/wp-json\/wp\/v2\/pages"}],"about":[{"href":"https:\/\/romkert.eu\/en\/wp-json\/wp\/v2\/types\/page"}],"author":[{"embeddable":true,"href":"https:\/\/romkert.eu\/en\/wp-json\/wp\/v2\/users\/1"}],"replies":[{"embeddable":true,"href":"https:\/\/romkert.eu\/en\/wp-json\/wp\/v2\/comments?post=4896"}],"version-history":[{"count":4,"href":"https:\/\/romkert.eu\/en\/wp-json\/wp\/v2\/pages\/4896\/revisions"}],"predecessor-version":[{"id":4900,"href":"https:\/\/romkert.eu\/en\/wp-json\/wp\/v2\/pages\/4896\/revisions\/4900"}],"wp:attachment":[{"href":"https:\/\/romkert.eu\/en\/wp-json\/wp\/v2\/media?parent=4896"}],"curies":[{"name":"wp","href":"https:\/\/api.w.org\/{rel}","templated":true}]}}