{"id":2477,"date":"2024-04-15T11:07:59","date_gmt":"2024-04-15T09:07:59","guid":{"rendered":"https:\/\/romkert.eu\/?page_id=2477"},"modified":"2026-03-30T20:38:04","modified_gmt":"2026-03-30T18:38:04","slug":"romkert-hazirend","status":"publish","type":"page","link":"https:\/\/romkert.eu\/en\/romkert-hazirend\/","title":{"rendered":"Romkert H\u00e1zirend"},"content":{"rendered":"<div data-elementor-type=\"wp-page\" data-elementor-id=\"2477\" class=\"elementor elementor-2477\" data-elementor-post-type=\"page\">\n\t\t\t\t<div class=\"elementor-element elementor-element-8016a7e e-flex e-con-boxed e-con e-parent\" data-id=\"8016a7e\" data-element_type=\"container\" data-e-type=\"container\">\n\t\t\t\t\t<div class=\"e-con-inner\">\n\t\t\t\t<div class=\"elementor-element elementor-element-34f9f45 elementor-widget elementor-widget-heading\" data-id=\"34f9f45\" data-element_type=\"widget\" data-e-type=\"widget\" data-widget_type=\"heading.default\">\n\t\t\t\t<div class=\"elementor-widget-container\">\n\t\t\t\t\t<h2 class=\"elementor-heading-title elementor-size-default\">H\u00c1ZIREND<\/h2>\t\t\t\t<\/div>\n\t\t\t\t<\/div>\n\t\t\t\t<div class=\"elementor-element elementor-element-a069a1a elementor-widget elementor-widget-text-editor\" data-id=\"a069a1a\" data-element_type=\"widget\" data-e-type=\"widget\" data-widget_type=\"text-editor.default\">\n\t\t\t\t<div class=\"elementor-widget-container\">\n\t\t\t\t\t\t\t\t\t<p><b>H\u00c1ZIREND<br \/><\/b><b>A Romkertbe t\u00f6rt\u00e9no\u030b bel\u00e9p\u00e9s szab\u00e1lyai:<span class=\"Apple-converted-space\">\u00a0<\/span><\/b><\/p><ul><li>\u25cf \u00a0A sz\u00f3rakoz\u00f3hely t\u00e1ncter\u00e9re, kedden \u2013 szerd\u00e1n \u2013 cs\u00fct\u00f6rt\u00f6k\u00f6n, b\u00e1rki bel\u00e9phet, aki bet\u00f6lt\u00f6tte 17. \u00e9let\u00e9v\u00e9t, VIP terasz\u00e1ra pedig aki bet\u00f6lt\u00f6tte 18. \u00e9let\u00e9v\u00e9t \u00e9s azt minden k\u00e9ts\u00e9get kiz\u00e1r\u00f3an bizony\u00edtani is tudja \u00e9rv\u00e9nyes, felismerheto\u030b hat\u00f3s\u00e1gi igazolv\u00e1nnyal.<span class=\"Apple-converted-space\">\u00a0<\/span><\/li><li>A sz\u00f3rakoz\u00f3hely t\u00e1ncter\u00e9re, p\u00e9nteken \u00e9s szombaton, b\u00e1rki bel\u00e9phet, aki bet\u00f6lt\u00f6tte 18. \u00e9let\u00e9v\u00e9t, VIP terasz\u00e1ra pedig aki bet\u00f6lt\u00f6tte 21. \u00e9let\u00e9v\u00e9t \u00e9s azt minden k\u00e9ts\u00e9get kiz\u00e1r\u00f3an bizony\u00edtani is tudja \u00e9rv\u00e9nyes, felismerheto\u030b hat\u00f3s\u00e1gi igazolv\u00e1nnyal.<\/li><li>\u25cf \u00a0Szkennelt, telefonnal lefot\u00f3zott \u00e9s\/vagy f\u00e9nym\u00e1solt szem\u00e9lyi okm\u00e1nyt nem \u00e1ll m\u00f3dunkban elfogadni.<span class=\"Apple-converted-space\">\u00a0<\/span><\/li><li>\u25cf \u00a0Nem l\u00e9phet be a Romkert ter\u00fclet\u00e9re, aki szemmel l\u00e1that\u00f3an alkohol vagy drog befoly\u00e1sa alatt \u00e1ll vagy kultur\u00e1latlan viselked\u00e9st tan\u00fas\u00edt.<span class=\"Apple-converted-space\">\u00a0<\/span><\/li><li>\u25cf \u00a0Amennyiben a bel\u00e9p\u00e9sre jelentkezo\u030b szem\u00e9lyn\u00e9l b\u00e1rmilyen vesz\u00e9lyes eszk\u00f6z van, vagy kor\u00e1bban viselked\u00e9se miatt kik\u00eds\u00e9rt\u00e9k o\u030bt (vagy t\u00e1rsas\u00e1g\u00e1t), \u00fagy a beenged\u00e9s megtagadhat\u00f3.<span class=\"Apple-converted-space\">\u00a0<\/span><\/li><li>\u25cf \u00a0Amennyiben a szem\u00e9lyzet a bent sz\u00f3rakoz\u00f3kra n\u00e9zve vesz\u00e9lyesnek \u00edt\u00e9li a bel\u00e9p\u00e9sre jelentkezo\u030b(ke)t, a bel\u00e9p\u00e9s megtagadhat\u00f3.<span class=\"Apple-converted-space\">\u00a0<\/span><\/li><li>\u25cf \u00a0A bel\u00e9p\u00e9s minden esetben egyszeri bel\u00e9p\u00e9sre jogos\u00edt.<span class=\"Apple-converted-space\">\u00a0<\/span><\/li><li>\u25cf \u00a0Aki a vend\u00e9gekkel, szem\u00e9lyzettel szemben agressz\u00edven viselkedik, minden tov\u00e1bbi n\u00e9lk\u00fcl elt\u00e1vol\u00edthat\u00f3 a sz\u00f3rakoz\u00f3helyro\u030bl.<span class=\"Apple-converted-space\">\u00a0<\/span><\/li><li>\u25cf \u00a0Szint\u00e9n elt\u00e1vol\u00edthat\u00f3 az, aki jogszab\u00e1lyba vagy t\u00f6rv\u00e9nybe \u00fctk\u00f6zo\u030b magatart\u00e1st tan\u00fas\u00edt vagy viselked\u00e9s\u00e9vel zavarja a t\u00f6bbi vend\u00e9g zavartalan sz\u00f3rakoz\u00e1s\u00e1t.<span class=\"Apple-converted-space\">\u00a0<\/span><\/li><li>\u25cf \u00a0\u00c9lelmiszer, alkoholos \u00e9s nem alkoholos italok bevitel egyar\u00e1nt tilos, mego\u030brz\u00e9s\u00fck\u00e9rt a Romkert szem\u00e9lyzete nem v\u00e1llalja a felelo\u030bss\u00e9get.<span class=\"Apple-converted-space\">\u00a0<\/span><\/li><li>\u25cf \u00a0A Romkertben dress code \u00e9s face control mu\u030bk\u00f6dik. A Romkert a bel\u00e9ptet\u00e9s jog\u00e1t fenntartja. A bel\u00e9pteto\u030b szem\u00e9lyzet d\u00f6nt minden egyes vend\u00e9g eset\u00e9n a bejut\u00e1sr\u00f3l.<span class=\"Apple-converted-space\">\u00a0<\/span><\/li><li>\u25cf Az ruhat\u00e1rban felejtett t\u00e1rgyat 2 h\u00e9tig tudjuk t\u00e1rolni, ennek lej\u00e1rt\u00e1t k\u00f6veto\u030ben nem \u00e1ll m\u00f3dunkban mego\u030brizni o\u030bket.<span class=\"Apple-converted-space\">\u00a0<\/span><\/li><\/ul><p><b>Nem alkalomhoz illo\u030b ruh\u00e1zat eset\u00e9n a bel\u00e9p\u00e9s megtagadhat\u00f3:<span class=\"Apple-converted-space\">\u00a0<\/span><\/b><\/p><ul><li>\u25cf \u00a0B\u00e1rmilyen sportruha, sportcipo\u030b, sportmez, fejp\u00e1nt, fejkendo\u030b, ujjatlan trik\u00f3, pamut nadr\u00e1g.<\/li><li>\u25cf \u00a0S\u00e1t\u00e1nista, hal\u00e1lfejes, csontv\u00e1zas, met\u00e1los, anarchista, egy\u00e9b az elo\u030bzo\u030bkben felsoroltakhoz hasonl\u00f3 \u00f6lt\u00f6zet.<span class=\"Apple-converted-space\">\u00a0<\/span><\/li><li>\u25cf \u00a0Zsebes \u00e9s\/vagy kamufl\u00e1zs t\u00e9rdnadr\u00e1g.<span class=\"Apple-converted-space\">\u00a0<\/span><\/li><li>\u25cf \u00a0Papucs (balesetvesz\u00e9lyes a t\u00e1nct\u00e9ren t\u00f6r\u00f6tt \u00fcvegek miatt).<span class=\"Apple-converted-space\">\u00a0<\/span><\/li><li>\u25cf \u00a0Nagy kiterjed\u00e9su\u030b tetov\u00e1l\u00e1s az arcon vagy nyakon.<span class=\"Apple-converted-space\">\u00a0<\/span><\/li><li>\u25cf \u00a0B\u00e1rmilyen megbotr\u00e1nkoztat\u00f3 vagy m\u00e1sokat s\u00e9rto\u030b \u00f6lt\u00f6zet.<span class=\"Apple-converted-space\">\u00a0<\/span><\/li><li>\u25cf \u00a0Szakadt, b\u00fcd\u00f6s, rendezetlen, kopott \u00f6lt\u00f6zet.<span class=\"Apple-converted-space\">\u00a0<\/span><\/li><li>\u25cf \u00a0Punk frizura \u00e9s\/vagy punk \u00f6lt\u00f6zet.<span class=\"Apple-converted-space\">\u00a0<\/span><\/li><li>\u25cf \u00a0A megfelelo\u030b \u00f6lt\u00f6zetro\u030bl a beengedo\u030b szem\u00e9lyzet jogosult d\u00f6nteni!<span class=\"Apple-converted-space\">\u00a0<\/span><\/li><\/ul><p><b>Vend\u00e9geink a Romkertbe val\u00f3 bel\u00e9p\u00e9ssel elfogadj\u00e1k a h\u00e1zirend szab\u00e1lyzat\u00e1t.<span class=\"Apple-converted-space\">\u00a0<\/span><\/b><\/p>\t\t\t\t\t\t\t\t<\/div>\n\t\t\t\t<\/div>\n\t\t\t\t\t<\/div>\n\t\t\t\t<\/div>\n\t\t\t\t<\/div>","protected":false},"excerpt":{"rendered":"<p>H\u00c1ZIREND H\u00c1ZIRENDA Romkertbe t\u00f6rt\u00e9no\u030b bel\u00e9p\u00e9s szab\u00e1lyai:\u00a0 \u25cf \u00a0A sz\u00f3rakoz\u00f3hely t\u00e1ncter\u00e9re, kedden \u2013 szerd\u00e1n \u2013 cs\u00fct\u00f6rt\u00f6k\u00f6n, b\u00e1rki bel\u00e9phet, aki bet\u00f6lt\u00f6tte 17. [&hellip;]<\/p>","protected":false},"author":1,"featured_media":0,"parent":0,"menu_order":0,"comment_status":"closed","ping_status":"closed","template":"","meta":{"_acf_changed":false,"site-sidebar-layout":"no-sidebar","site-content-layout":"","ast-site-content-layout":"full-width-container","site-content-style":"default","site-sidebar-style":"default","ast-global-header-display":"","ast-banner-title-visibility":"","ast-main-header-display":"","ast-hfb-above-header-display":"","ast-hfb-below-header-display":"","ast-hfb-mobile-header-display":"","site-post-title":"disabled","ast-breadcrumbs-content":"","ast-featured-img":"disabled","footer-sml-layout":"","theme-transparent-header-meta":"","adv-header-id-meta":"","stick-header-meta":"","header-above-stick-meta":"","header-main-stick-meta":"","header-below-stick-meta":"","astra-migrate-meta-layouts":"default","ast-page-background-enabled":"default","ast-page-background-meta":{"desktop":{"background-color":"var(--ast-global-color-4)","background-image":"","background-repeat":"repeat","background-position":"center center","background-size":"auto","background-attachment":"scroll","background-type":"","background-media":"","overlay-type":"","overlay-color":"","overlay-gradient":""},"tablet":{"background-color":"","background-image":"","background-repeat":"repeat","background-position":"center center","background-size":"auto","background-attachment":"scroll","background-type":"","background-media":"","overlay-type":"","overlay-color":"","overlay-gradient":""},"mobile":{"background-color":"","background-image":"","background-repeat":"repeat","background-position":"center center","background-size":"auto","background-attachment":"scroll","background-type":"","background-media":"","overlay-type":"","overlay-color":"","overlay-gradient":""}},"ast-content-background-meta":{"desktop":{"background-color":"var(--ast-global-color-5)","background-image":"","background-repeat":"repeat","background-position":"center center","background-size":"auto","background-attachment":"scroll","background-type":"","background-media":"","overlay-type":"","overlay-color":"","overlay-gradient":""},"tablet":{"background-color":"var(--ast-global-color-5)","background-image":"","background-repeat":"repeat","background-position":"center center","background-size":"auto","background-attachment":"scroll","background-type":"","background-media":"","overlay-type":"","overlay-color":"","overlay-gradient":""},"mobile":{"background-color":"var(--ast-global-color-5)","background-image":"","background-repeat":"repeat","background-position":"center center","background-size":"auto","background-attachment":"scroll","background-type":"","background-media":"","overlay-type":"","overlay-color":"","overlay-gradient":""}},"footnotes":""},"class_list":["post-2477","page","type-page","status-publish","hentry"],"acf":[],"_links":{"self":[{"href":"https:\/\/romkert.eu\/en\/wp-json\/wp\/v2\/pages\/2477","targetHints":{"allow":["GET"]}}],"collection":[{"href":"https:\/\/romkert.eu\/en\/wp-json\/wp\/v2\/pages"}],"about":[{"href":"https:\/\/romkert.eu\/en\/wp-json\/wp\/v2\/types\/page"}],"author":[{"embeddable":true,"href":"https:\/\/romkert.eu\/en\/wp-json\/wp\/v2\/users\/1"}],"replies":[{"embeddable":true,"href":"https:\/\/romkert.eu\/en\/wp-json\/wp\/v2\/comments?post=2477"}],"version-history":[{"count":13,"href":"https:\/\/romkert.eu\/en\/wp-json\/wp\/v2\/pages\/2477\/revisions"}],"predecessor-version":[{"id":5674,"href":"https:\/\/romkert.eu\/en\/wp-json\/wp\/v2\/pages\/2477\/revisions\/5674"}],"wp:attachment":[{"href":"https:\/\/romkert.eu\/en\/wp-json\/wp\/v2\/media?parent=2477"}],"curies":[{"name":"wp","href":"https:\/\/api.w.org\/{rel}","templated":true}]}}