{"id":2227,"date":"2024-04-11T18:10:23","date_gmt":"2024-04-11T16:10:23","guid":{"rendered":"https:\/\/romkert.eu\/?page_id=2227"},"modified":"2024-06-03T13:44:28","modified_gmt":"2024-06-03T11:44:28","slug":"szabad-asztalok","status":"publish","type":"page","link":"https:\/\/romkert.eu\/en\/szabad-asztalok\/","title":{"rendered":"Szabad Asztalok"},"content":{"rendered":"<div data-elementor-type=\"wp-page\" data-elementor-id=\"2227\" class=\"elementor elementor-2227\" data-elementor-post-type=\"page\">\n\t\t\t\t<div class=\"elementor-element elementor-element-4f6128d3 e-con-full e-flex e-con e-parent\" data-id=\"4f6128d3\" data-element_type=\"container\" data-e-type=\"container\" data-settings=\"{&quot;background_background&quot;:&quot;classic&quot;}\">\n\t\t\t\t<div class=\"elementor-element elementor-element-39c6442 elementor-widget elementor-widget-heading\" data-id=\"39c6442\" data-element_type=\"widget\" data-e-type=\"widget\" data-widget_type=\"heading.default\">\n\t\t\t\t<div class=\"elementor-widget-container\">\n\t\t\t\t\t<h2 class=\"elementor-heading-title elementor-size-default\">El\u00e9rhet\u0151 szabad asztalaink<\/h2>\t\t\t\t<\/div>\n\t\t\t\t<\/div>\n\t\t<div class=\"elementor-element elementor-element-20c83293 e-con-full e-flex e-con e-child\" data-id=\"20c83293\" data-element_type=\"container\" data-e-type=\"container\">\n\t\t\t\t<div class=\"elementor-element elementor-element-4ef03095 elementor-widget-mobile__width-inherit elementor-widget elementor-widget-Search\" data-id=\"4ef03095\" data-element_type=\"widget\" data-e-type=\"widget\" data-widget_type=\"Search.default\">\n\t\t\t\t<div class=\"elementor-widget-container\">\n\t\t\t\t\t<div class=\"wpbs_s-search-widget wpbs_s-search-widget-single-date-search\" data-calendars=\"all\" data-language=\"hu\" data-title=\"no\" data-mark_selection=\"yes\" data-start_day=\"1\" data-selection_type=\"single\" data-minimum_stay=\"0\" data-featured_image=\"no\" data-starting_price=\"no\" data-results_layout=\"grid\" data-results_per_page=\"10\" data-show_results_on_load=\"yes\" data-redirect=\"\" ><div class=\"wpbs_s-search-widget-form-wrap\">\r\n\r\n<form action=\"#\" method=\"GET\" class=\"wpbs_s-search-widget-form wpbs_s-search-widget-form-fields-1\" autocomplete=\"off\" data-trp-original-action=\"#\">\r\n\r\n    \r\n    <div class=\"wpbs_s-search-widget-field wpbs-search-widget-field-start-date\">\r\n        <label for=\"wpbs_s-search-widget-datepicker-start-date-c2963be3\">Date<\/label>\r\n        <input type=\"text\" placeholder=\"\" value=\"\" id=\"wpbs_s-search-widget-datepicker-start-date-c2963be3\" class=\"wpbs_s-search-widget-datepicker wpbs_s-search-widget-datepicker-start-date\" name=\"start-date\" readonly \/>\r\n        <input type=\"hidden\" value=\"\" id=\"wpbs_s-search-widget-datepicker-standard-format-start-date-c2963be3\" class=\"wpbs_s-search-widget-datepicker-standard-format-start-date\" name=\"wpbs-search-start-date\" \/>\r\n    <\/div>\r\n\r\n    \r\n    \r\n    <div class=\"wpbs_s-search-widget-field wpbs_s-search-widget-field-submit\">\r\n        <button class=\"wpbs_s-search-widget-datepicker-submit\">Search<\/button>\r\n    <\/div>\r\n\r\n<input type=\"hidden\" name=\"trp-form-language\" value=\"en\"\/><\/form>\r\n<\/div><div class=\"wpbs_s-search-widget-results-wrap\" data-label-previous=\"Previous\" data-label-next=\"Next\"><h2>Available vip tables<\/h2><div class=\"wpbs_s-search-widget-results\"><div class=\"wpbs_s-search-widget-result\"><div class=\"wpbs_s-search-widget-result-title\"><h3><a class=\"wpbs_s-search-widget-result-link\" href=\"https:\/\/romkert.eu\/en\/backstage-vip\/\" title=\"BACKSTAGE VIP\">BACKSTAGE VIP<\/a><\/h3><\/div><a class=\"wpbs_s-search-widget-result-button\" href=\"https:\/\/romkert.eu\/en\/backstage-vip\/\" title=\"BACKSTAGE VIP\">Book<\/a><\/div><div class=\"wpbs_s-search-widget-result\"><div class=\"wpbs_s-search-widget-result-title\"><h3><a class=\"wpbs_s-search-widget-result-link\" href=\"https:\/\/romkert.eu\/en\/budapest-vip\/\" title=\"BUDAPEST VIP\">BUDAPEST VIP<\/a><\/h3><\/div><a class=\"wpbs_s-search-widget-result-button\" href=\"https:\/\/romkert.eu\/en\/budapest-vip\/\" title=\"BUDAPEST VIP\">Book<\/a><\/div><div class=\"wpbs_s-search-widget-result\"><div class=\"wpbs_s-search-widget-result-title\"><h3><a class=\"wpbs_s-search-widget-result-link\" href=\"https:\/\/romkert.eu\/en\/cancun-vip\/\" title=\"CANCUN VIP\">CANCUN VIP<\/a><\/h3><\/div><a class=\"wpbs_s-search-widget-result-button\" href=\"https:\/\/romkert.eu\/en\/cancun-vip\/\" title=\"CANCUN VIP\">Book<\/a><\/div><div class=\"wpbs_s-search-widget-result\"><div class=\"wpbs_s-search-widget-result-title\"><h3><a class=\"wpbs_s-search-widget-result-link\" href=\"https:\/\/romkert.eu\/en\/ibiza-vip\/\" title=\"IBIZA VIP\">IBIZA VIP<\/a><\/h3><\/div><a class=\"wpbs_s-search-widget-result-button\" href=\"https:\/\/romkert.eu\/en\/ibiza-vip\/\" title=\"IBIZA VIP\">Book<\/a><\/div><div class=\"wpbs_s-search-widget-result\"><div class=\"wpbs_s-search-widget-result-title\"><h3><a class=\"wpbs_s-search-widget-result-link\" href=\"https:\/\/romkert.eu\/en\/konyoklo\/\" title=\"K\u00f6ny\u00f6kl\u0151\">K\u00f6ny\u00f6kl\u0151<\/a><\/h3><\/div><a class=\"wpbs_s-search-widget-result-button\" href=\"https:\/\/romkert.eu\/en\/konyoklo\/\" title=\"K\u00f6ny\u00f6kl\u0151\">Book<\/a><\/div><div class=\"wpbs_s-search-widget-result\"><div class=\"wpbs_s-search-widget-result-title\"><h3><a class=\"wpbs_s-search-widget-result-link\" href=\"https:\/\/romkert.eu\/en\/mallorca-vip\/\" title=\"MALLORCA VIP\">MALLORCA VIP<\/a><\/h3><\/div><a class=\"wpbs_s-search-widget-result-button\" href=\"https:\/\/romkert.eu\/en\/mallorca-vip\/\" title=\"MALLORCA VIP\">Book<\/a><\/div><div class=\"wpbs_s-search-widget-result\"><div class=\"wpbs_s-search-widget-result-title\"><h3><a class=\"wpbs_s-search-widget-result-link\" href=\"https:\/\/romkert.eu\/en\/miami-vip\/\" title=\"MIAMI VIP\">MIAMI VIP<\/a><\/h3><\/div><a class=\"wpbs_s-search-widget-result-button\" href=\"https:\/\/romkert.eu\/en\/miami-vip\/\" title=\"MIAMI VIP\">Book<\/a><\/div><div class=\"wpbs_s-search-widget-result\"><div class=\"wpbs_s-search-widget-result-title\"><h3><a class=\"wpbs_s-search-widget-result-link\" href=\"https:\/\/romkert.eu\/en\/paris-vip\/\" title=\"PARIS VIP\">PARIS VIP<\/a><\/h3><\/div><a class=\"wpbs_s-search-widget-result-button\" href=\"https:\/\/romkert.eu\/en\/paris-vip\/\" title=\"PARIS VIP\">Book<\/a><\/div><div class=\"wpbs_s-search-widget-result\"><div class=\"wpbs_s-search-widget-result-title\"><h3><a class=\"wpbs_s-search-widget-result-link\" href=\"https:\/\/romkert.eu\/en\/tokyo-vip\/\" title=\"TOKYO VIP\">TOKYO VIP<\/a><\/h3><\/div><a class=\"wpbs_s-search-widget-result-button\" href=\"https:\/\/romkert.eu\/en\/tokyo-vip\/\" title=\"TOKYO VIP\">Book<\/a><\/div><div class=\"wpbs_s-search-widget-result\"><div class=\"wpbs_s-search-widget-result-title\"><h3><a class=\"wpbs_s-search-widget-result-link\" href=\"https:\/\/romkert.eu\/en\/tulum-vip\/\" title=\"TULUM VIP\">TULUM VIP<\/a><\/h3><\/div><a class=\"wpbs_s-search-widget-result-button\" href=\"https:\/\/romkert.eu\/en\/tulum-vip\/\" title=\"TULUM VIP\">Book<\/a><\/div><\/div><\/div><div class=\"wpbs-search-container-loaded\" data-just-loaded=\"1\"><\/div><\/div>\t\t\t\t<\/div>\n\t\t\t\t<\/div>\n\t\t\t\t<\/div>\n\t\t\t\t<\/div>\n\t\t\t\t<\/div>","protected":false},"excerpt":{"rendered":"<p>El\u00e9rhet\u0151 szabad asztalaink D\u00e1tum Keres\u00e9s Szabad asztalok BACKSTAGE VIP Foglal\u00e1s BUDAPEST VIP Foglal\u00e1s CANCUN VIP Foglal\u00e1s IBIZA VIP Foglal\u00e1s K\u00f6ny\u00f6kl\u0151 [&hellip;]<\/p>","protected":false},"author":13,"featured_media":0,"parent":0,"menu_order":0,"comment_status":"closed","ping_status":"closed","template":"elementor_header_footer","meta":{"_acf_changed":false,"site-sidebar-layout":"no-sidebar","site-content-layout":"","ast-site-content-layout":"full-width-container","site-content-style":"default","site-sidebar-style":"default","ast-global-header-display":"","ast-banner-title-visibility":"","ast-main-header-display":"","ast-hfb-above-header-display":"","ast-hfb-below-header-display":"","ast-hfb-mobile-header-display":"","site-post-title":"disabled","ast-breadcrumbs-content":"","ast-featured-img":"disabled","footer-sml-layout":"","theme-transparent-header-meta":"","adv-header-id-meta":"","stick-header-meta":"","header-above-stick-meta":"","header-main-stick-meta":"","header-below-stick-meta":"","astra-migrate-meta-layouts":"default","ast-page-background-enabled":"default","ast-page-background-meta":{"desktop":{"background-color":"var(--ast-global-color-4)","background-image":"","background-repeat":"repeat","background-position":"center center","background-size":"auto","background-attachment":"scroll","background-type":"","background-media":"","overlay-type":"","overlay-color":"","overlay-gradient":""},"tablet":{"background-color":"","background-image":"","background-repeat":"repeat","background-position":"center center","background-size":"auto","background-attachment":"scroll","background-type":"","background-media":"","overlay-type":"","overlay-color":"","overlay-gradient":""},"mobile":{"background-color":"","background-image":"","background-repeat":"repeat","background-position":"center center","background-size":"auto","background-attachment":"scroll","background-type":"","background-media":"","overlay-type":"","overlay-color":"","overlay-gradient":""}},"ast-content-background-meta":{"desktop":{"background-color":"var(--ast-global-color-5)","background-image":"","background-repeat":"repeat","background-position":"center center","background-size":"auto","background-attachment":"scroll","background-type":"","background-media":"","overlay-type":"","overlay-color":"","overlay-gradient":""},"tablet":{"background-color":"var(--ast-global-color-5)","background-image":"","background-repeat":"repeat","background-position":"center center","background-size":"auto","background-attachment":"scroll","background-type":"","background-media":"","overlay-type":"","overlay-color":"","overlay-gradient":""},"mobile":{"background-color":"var(--ast-global-color-5)","background-image":"","background-repeat":"repeat","background-position":"center center","background-size":"auto","background-attachment":"scroll","background-type":"","background-media":"","overlay-type":"","overlay-color":"","overlay-gradient":""}},"footnotes":""},"class_list":["post-2227","page","type-page","status-publish","hentry"],"acf":[],"_links":{"self":[{"href":"https:\/\/romkert.eu\/en\/wp-json\/wp\/v2\/pages\/2227","targetHints":{"allow":["GET"]}}],"collection":[{"href":"https:\/\/romkert.eu\/en\/wp-json\/wp\/v2\/pages"}],"about":[{"href":"https:\/\/romkert.eu\/en\/wp-json\/wp\/v2\/types\/page"}],"author":[{"embeddable":true,"href":"https:\/\/romkert.eu\/en\/wp-json\/wp\/v2\/users\/13"}],"replies":[{"embeddable":true,"href":"https:\/\/romkert.eu\/en\/wp-json\/wp\/v2\/comments?post=2227"}],"version-history":[{"count":22,"href":"https:\/\/romkert.eu\/en\/wp-json\/wp\/v2\/pages\/2227\/revisions"}],"predecessor-version":[{"id":3015,"href":"https:\/\/romkert.eu\/en\/wp-json\/wp\/v2\/pages\/2227\/revisions\/3015"}],"wp:attachment":[{"href":"https:\/\/romkert.eu\/en\/wp-json\/wp\/v2\/media?parent=2227"}],"curies":[{"name":"wp","href":"https:\/\/api.w.org\/{rel}","templated":true}]}}